{"id":574,"date":"2026-03-11T09:45:35","date_gmt":"2026-03-11T09:45:35","guid":{"rendered":"https:\/\/hub-drone.fr\/lyon\/?page_id=574"},"modified":"2026-04-18T09:01:45","modified_gmt":"2026-04-18T09:01:45","slug":"privacy-policy","status":"publish","type":"page","link":"https:\/\/hub-drone.fr\/lyon\/privacy-policy\/","title":{"rendered":"Privacy policy"},"content":{"rendered":"\t\t<div data-elementor-type=\"wp-page\" data-elementor-id=\"574\" class=\"elementor elementor-574\" data-elementor-post-type=\"page\">\n\t\t\t\t<div class=\"elementor-element elementor-element-18d7a3f e-flex e-con-boxed e-con e-parent\" data-id=\"18d7a3f\" data-element_type=\"container\" data-e-type=\"container\" data-settings=\"{&quot;ekit_has_onepagescroll_dot&quot;:&quot;yes&quot;}\">\n\t\t\t\t\t<div class=\"e-con-inner\">\n\t\t\t\t<div class=\"elementor-element elementor-element-b51bd0c elementor-widget elementor-widget-heading\" data-id=\"b51bd0c\" data-element_type=\"widget\" data-e-type=\"widget\" data-settings=\"{&quot;ekit_we_effect_on&quot;:&quot;none&quot;}\" data-widget_type=\"heading.default\">\n\t\t\t\t\t<h2 class=\"elementor-heading-title elementor-size-default\">Politique de confidentialit\u00e9<\/h2>\t\t\t\t<\/div>\n\t\t\t\t\t<\/div>\n\t\t\t\t<\/div>\n\t\t<div class=\"elementor-element elementor-element-6f98782 e-flex e-con-boxed e-con e-parent\" data-id=\"6f98782\" data-element_type=\"container\" data-e-type=\"container\" data-settings=\"{&quot;ekit_has_onepagescroll_dot&quot;:&quot;yes&quot;}\">\n\t\t\t\t\t<div class=\"e-con-inner\">\n\t\t\t\t<div class=\"elementor-element elementor-element-6b2f71b elementor-widget elementor-widget-text-editor\" data-id=\"6b2f71b\" data-element_type=\"widget\" data-e-type=\"widget\" data-settings=\"{&quot;ekit_we_effect_on&quot;:&quot;none&quot;}\" data-widget_type=\"text-editor.default\">\n\t\t\t\t\t\t\t\t\t<p><strong>1. \u00c9diteur du site<\/strong><\/p><p><strong>Le site hub-drone.fr est \u00e9dit\u00e9 par :<\/strong><br \/>Hub Drone<br \/><strong>Responsable de la publication<\/strong> : Nayen CASSAM CHENAI<br \/><strong>Localisation :<\/strong> Lyon \u2013 Auvergne-Rh\u00f4ne-Alpes<br \/><strong>Statut juridique :<\/strong> Micro-entreprise<br \/><strong>SIRET :<\/strong> 82016268300032<br \/><strong>Adresse :<\/strong> 39 Rue de la R\u00e9publique, 69150 D\u00e9cines-Charpieu<\/p><p><strong>2. H\u00e9bergement<\/strong><\/p><p><strong>Le site hub-drone.fr est h\u00e9berg\u00e9 par :<\/strong><br \/>Hostinger International Ltd.<br \/>61 Lordou Vironos Street<br \/>6023 Larnaca<br \/>Chypre<br \/><strong>Site internet :<\/strong> https:\/\/www.hostinger.fr<\/p><p><strong>3. Propri\u00e9t\u00e9 intellectuelle<\/strong><br \/>L\u2019ensemble du contenu pr\u00e9sent sur le site hub-drone.fr, incluant notamment les textes, images,<br \/>vid\u00e9os, graphismes, logos et \u00e9l\u00e9ments visuels, est prot\u00e9g\u00e9 par les dispositions du Code de la<br \/>propri\u00e9t\u00e9 intellectuelle.<br \/>Toute reproduction, repr\u00e9sentation, modification, publication ou adaptation de tout ou partie des<br \/>\u00e9l\u00e9ments du site, quel que soit le moyen ou le proc\u00e9d\u00e9 utilis\u00e9, est interdite sans l\u2019autorisation \u00e9crite<br \/>pr\u00e9alable de Hub Drone.<br \/>Toute exploitation non autoris\u00e9e du site ou de l\u2019un quelconque de ses \u00e9l\u00e9ments pourra \u00eatre<br \/>consid\u00e9r\u00e9e comme constitutive d\u2019une contrefa\u00e7on et poursuivie conform\u00e9ment aux dispositions<br \/>l\u00e9gales en vigueur.<\/p><p><strong>4. Responsabilit\u00e9<\/strong><br \/>Les informations pr\u00e9sentes sur le site hub-drone.fr sont fournies \u00e0 titre indicatif et peuvent \u00eatre<br \/>modifi\u00e9es \u00e0 tout moment.<br \/>Hub Drone s\u2019efforce de fournir des informations aussi pr\u00e9cises que possible. Toutefois, il ne pourra<br \/>\u00eatre tenu responsable des omissions, inexactitudes ou carences dans la mise \u00e0 jour des<br \/>informations pr\u00e9sentes sur le site.<br \/>Le site peut contenir des liens vers d\u2019autres sites internet.<br \/>Hub Drone ne peut \u00eatre tenu responsable du contenu de ces sites externes.<br \/>Mention l\u00e9gale Link 2.<\/p><p><strong>5. Donn\u00e9es personnelles<\/strong><br \/>Les informations collect\u00e9es via les formulaires pr\u00e9sents sur le site hub-drone.fr sont destin\u00e9es<br \/>uniquement \u00e0 r\u00e9pondre aux demandes de contact ou de devis.<br \/>Les donn\u00e9es personnelles sont trait\u00e9es conform\u00e9ment au R\u00e8glement G\u00e9n\u00e9ral sur la Protection des<br \/>Donn\u00e9es (RGPD) et \u00e0 la loi Informatique et Libert\u00e9s.<br \/>Les utilisateurs disposent notamment des droits suivants :<br \/>\u2022 droit d\u2019acc\u00e8s \u00e0 leurs donn\u00e9es personnelles<br \/>\u2022 droit de rectification<br \/>\u2022 droit de suppression<br \/>\u2022 droit d\u2019opposition au traitement des donn\u00e9es<br \/>Toute demande concernant l\u2019exercice de ces droits peut \u00eatre adress\u00e9e \u00e0 l\u2019adresse suivante :<br \/>Email : contact@hub-drone.fr<\/p><p><strong>6. Cookies<\/strong><br \/>Le site hub-drone.fr peut utiliser des cookies afin d\u2019am\u00e9liorer l\u2019exp\u00e9rience utilisateur et mesurer<br \/>l\u2019audience du site.<br \/>Un cookie est un fichier enregistr\u00e9 sur le terminal de l\u2019utilisateur lors de la navigation sur un site<br \/>internet.<br \/>L\u2019utilisateur peut configurer son navigateur afin de refuser ou supprimer les cookies.<\/p><p><strong>7. Droit applicable<\/strong><br \/>Les pr\u00e9sentes mentions l\u00e9gales sont r\u00e9gies par le droit fran\u00e7ais.<br \/>En cas de litige, et \u00e0 d\u00e9faut de r\u00e9solution amiable, les tribunaux fran\u00e7ais seront seuls comp\u00e9tents.<\/p><p><strong>8. Principales lois concern\u00e9es<\/strong><br \/>Les pr\u00e9sentes mentions l\u00e9gales sont notamment r\u00e9gies par les textes suivants :<br \/>\u2022 Loi n\u00b0 78-17 du 6 janvier 1978 relative \u00e0 l\u2019informatique, aux fichiers et aux libert\u00e9s, modifi\u00e9e<br \/>notamment par la loi n\u00b0 2004-801 du 6 ao\u00fbt 2004.<br \/>\u2022 Loi n\u00b0 2004-575 du 21 juin 2004 pour la confiance dans l\u2019\u00e9conomie num\u00e9rique (LCEN).<br \/>Ces textes encadrent notamment la collecte, le traitement et la protection des donn\u00e9es<br \/>personnelles ainsi que les obligations l\u00e9gales des \u00e9diteurs de sites internet.<\/p><p><strong>9. Lexique <\/strong><strong>Utilisateur :<\/strong><br \/>Internaute se connectant au site hub-drone.fr et utilisant ses services.<br \/>Informations personnelles :<br \/>\u00ab Les informations qui permettent, sous quelque forme que ce soit, directement ou non,<br \/>l\u2019identification des personnes physiques auxquelles elles s\u2019appliquent \u00bb (article 4 de la loi n\u00b0 78-17du 6 janvier 1978 relative \u00e0 l\u2019informatique, aux fichiers et aux libert\u00e9s).<\/p>\t\t\t\t\t\t\t\t<\/div>\n\t\t\t\t\t<\/div>\n\t\t\t\t<\/div>\n\t\t<div class=\"elementor-element elementor-element-8664fab e-flex e-con-boxed e-con e-parent\" data-id=\"8664fab\" data-element_type=\"container\" data-e-type=\"container\" data-settings=\"{&quot;ekit_has_onepagescroll_dot&quot;:&quot;yes&quot;}\">\n\t\t\t\t\t<div class=\"e-con-inner\">\n\t\t\t\t<div class=\"elementor-element elementor-element-1c3f711 elementor-widget__width-initial elementor-align-center elementor-widget elementor-widget-button\" data-id=\"1c3f711\" data-element_type=\"widget\" data-e-type=\"widget\" data-settings=\"{&quot;sticky&quot;:&quot;bottom&quot;,&quot;sticky_offset&quot;:15,&quot;ekit_we_effect_on&quot;:&quot;none&quot;,&quot;sticky_on&quot;:[&quot;desktop&quot;,&quot;laptop&quot;,&quot;tablet&quot;,&quot;mobile&quot;],&quot;sticky_effects_offset&quot;:0,&quot;sticky_anchor_link_offset&quot;:0}\" data-widget_type=\"button.default\">\n\t\t\t\t\t\t\t\t\t\t<a class=\"elementor-button elementor-button-link elementor-size-sm\" href=\"https:\/\/hub-drone.fr\/lyon\/\">\n\t\t\t\t\t\t<span class=\"elementor-button-content-wrapper\">\n\t\t\t\t\t\t\t\t\t<span class=\"elementor-button-text\">ACCUEIL<\/span>\n\t\t\t\t\t<\/span>\n\t\t\t\t\t<\/a>\n\t\t\t\t\t\t\t\t<\/div>\n\t\t\t\t\t<\/div>\n\t\t\t\t<\/div>\n\t\t\t\t<\/div>\n\t\t","protected":false},"excerpt":{"rendered":"<p>Politique de confidentialit\u00e9 1. \u00c9diteur du site Le site hub-drone.fr est \u00e9dit\u00e9 par :Hub DroneResponsable de la publication : Nayen [&hellip;]<\/p>\n","protected":false},"author":1,"featured_media":0,"parent":0,"menu_order":0,"comment_status":"closed","ping_status":"closed","template":"","meta":{"site-sidebar-layout":"no-sidebar","site-content-layout":"","ast-site-content-layout":"full-width-container","site-content-style":"default","site-sidebar-style":"default","ast-global-header-display":"","ast-banner-title-visibility":"","ast-main-header-display":"","ast-hfb-above-header-display":"","ast-hfb-below-header-display":"","ast-hfb-mobile-header-display":"","site-post-title":"","ast-breadcrumbs-content":"","ast-featured-img":"disabled","footer-sml-layout":"","ast-disable-related-posts":"","theme-transparent-header-meta":"","adv-header-id-meta":"","stick-header-meta":"","header-above-stick-meta":"","header-main-stick-meta":"","header-below-stick-meta":"","astra-migrate-meta-layouts":"default","ast-page-background-enabled":"default","ast-page-background-meta":{"desktop":{"background-color":"var(--ast-global-color-5)","background-image":"","background-repeat":"repeat","background-position":"center center","background-size":"auto","background-attachment":"scroll","background-type":"","background-media":"","overlay-type":"","overlay-color":"","overlay-opacity":"","overlay-gradient":""},"tablet":{"background-color":"","background-image":"","background-repeat":"repeat","background-position":"center center","background-size":"auto","background-attachment":"scroll","background-type":"","background-media":"","overlay-type":"","overlay-color":"","overlay-opacity":"","overlay-gradient":""},"mobile":{"background-color":"","background-image":"","background-repeat":"repeat","background-position":"center center","background-size":"auto","background-attachment":"scroll","background-type":"","background-media":"","overlay-type":"","overlay-color":"","overlay-opacity":"","overlay-gradient":""}},"ast-content-background-meta":{"desktop":{"background-color":"var(--ast-global-color-4)","background-image":"","background-repeat":"repeat","background-position":"center center","background-size":"auto","background-attachment":"scroll","background-type":"","background-media":"","overlay-type":"","overlay-color":"","overlay-opacity":"","overlay-gradient":""},"tablet":{"background-color":"var(--ast-global-color-4)","background-image":"","background-repeat":"repeat","background-position":"center center","background-size":"auto","background-attachment":"scroll","background-type":"","background-media":"","overlay-type":"","overlay-color":"","overlay-opacity":"","overlay-gradient":""},"mobile":{"background-color":"var(--ast-global-color-4)","background-image":"","background-repeat":"repeat","background-position":"center center","background-size":"auto","background-attachment":"scroll","background-type":"","background-media":"","overlay-type":"","overlay-color":"","overlay-opacity":"","overlay-gradient":""}},"footnotes":""},"class_list":["post-574","page","type-page","status-publish","hentry"],"_links":{"self":[{"href":"https:\/\/hub-drone.fr\/lyon\/wp-json\/wp\/v2\/pages\/574","targetHints":{"allow":["GET"]}}],"collection":[{"href":"https:\/\/hub-drone.fr\/lyon\/wp-json\/wp\/v2\/pages"}],"about":[{"href":"https:\/\/hub-drone.fr\/lyon\/wp-json\/wp\/v2\/types\/page"}],"author":[{"embeddable":true,"href":"https:\/\/hub-drone.fr\/lyon\/wp-json\/wp\/v2\/users\/1"}],"replies":[{"embeddable":true,"href":"https:\/\/hub-drone.fr\/lyon\/wp-json\/wp\/v2\/comments?post=574"}],"version-history":[{"count":0,"href":"https:\/\/hub-drone.fr\/lyon\/wp-json\/wp\/v2\/pages\/574\/revisions"}],"wp:attachment":[{"href":"https:\/\/hub-drone.fr\/lyon\/wp-json\/wp\/v2\/media?parent=574"}],"curies":[{"name":"wp","href":"https:\/\/api.w.org\/{rel}","templated":true}]}}